{"id":245,"date":"2019-01-18T15:14:08","date_gmt":"2019-01-18T18:14:08","guid":{"rendered":"https:\/\/jpfcine.cl\/es\/?page_id=245"},"modified":"2019-06-07T09:57:12","modified_gmt":"2019-06-07T12:57:12","slug":"studio","status":"publish","type":"page","link":"https:\/\/jpfcine.cl\/es\/studio\/","title":{"rendered":"STUDIO"},"content":{"rendered":"<p>[et_pb_section bb_built=\u00bb1&#8243; fullwidth=\u00bbon\u00bb _builder_version=\u00bb3.19.5&#8243; custom_padding=\u00bb0px|0px|1px|0px|false|false\u00bb next_background_color=\u00bb#000000&#8243;][et_pb_fullwidth_header title=\u00bbESTUDIOS\u00bb module_class=\u00bbfondo-header-studios\u00bb _builder_version=\u00bb3.19.7&#8243; title_text_align=\u00bbcenter\u00bb title_font_size=\u00bb100px\u00bb background_image=\u00bbhttps:\/\/jpfcine.cl\/es\/wp-content\/uploads\/2019\/01\/banner6.png\u00bb parallax=\u00bbon\u00bb custom_margin=\u00bb||\u00bb custom_padding=\u00bb||\u00bb \/][\/et_pb_section][et_pb_section bb_built=\u00bb1&#8243; admin_label=\u00bbSeccion Sevices\u00bb module_id=\u00bbseccion-Tab-nivel-1&#8243; _builder_version=\u00bb3.19.5&#8243; custom_padding=\u00bb54px|0px|0|0px|false|false\u00bb prev_background_color=\u00bb#000000&#8243; next_background_color=\u00bb#000000&#8243;][et_pb_row make_equal=\u00bbon\u00bb _builder_version=\u00bb3.19.5&#8243;][et_pb_column type=\u00bb1_2&#8243;][et_pb_text _builder_version=\u00bb3.19.7&#8243;]<\/p>\n<h2>UBICACI\u00d3N<\/h2>\n<p>&nbsp;<\/p>\n<p>Nuestros estudios est\u00e1n ubicados al norte de Santiago, a 15-20 minutos del centro de la ciudad y de los principales hoteles. Tienen f\u00e1cil acceso, al estar cerca de 3 importantes carreteras. Nuestro barrio es semi industrial, silencioso, cernado al aeropuerto pero no a las v\u00edas a\u00e9reas. Tenemos a un par de cuadras un gran centro comercial, supermercados, y grandes ferreter\u00edas.<\/p>\n<p>[\/et_pb_text][et_pb_image src=\u00bbhttps:\/\/jpfcine.cl\/es\/wp-content\/uploads\/2019\/01\/Intersection-5.png\u00bb _builder_version=\u00bb3.19.7&#8243; max_width=\u00bb70%\u00bb module_alignment=\u00bbcenter\u00bb \/][\/et_pb_column][et_pb_column type=\u00bb1_2&#8243;][et_pb_image src=\u00bbhttps:\/\/jpfcine.cl\/es\/wp-content\/uploads\/2019\/01\/mapa.png\u00bb _builder_version=\u00bb3.19.5&#8243; max_width=\u00bb80%\u00bb module_alignment=\u00bbcenter\u00bb \/][et_pb_text _builder_version=\u00bb3.19.7&#8243;]<\/p>\n<h2>INSTALACIONES<\/h2>\n<p>&nbsp;<\/p>\n<p>Nuestras instalaciones contienen nuestras bodegas de c\u00e1mara y luces, nuestras oficinas, dos estudios, una gran cafeter\u00eda, salas de maquillaje, espacio para producciones, ba\u00f1os y sala de reuniones. Ofrecemos conexi\u00f3n gratuita de WiFi.<\/p>\n<p>[\/et_pb_text][\/et_pb_column][\/et_pb_row][et_pb_row _builder_version=\u00bb3.19.5&#8243;][et_pb_column type=\u00bb4_4&#8243;][et_pb_text _builder_version=\u00bb3.19.7&#8243; text_font=\u00bb||||||||\u00bb header_2_font=\u00bb|600|||||||\u00bb header_2_text_align=\u00bbcenter\u00bb header_2_font_size=\u00bb36px\u00bb]<\/p>\n<h2>ESTUDIOS<\/h2>\n<p>[\/et_pb_text][\/et_pb_column][\/et_pb_row][et_pb_row _builder_version=\u00bb3.19.7&#8243;][et_pb_column type=\u00bb1_2&#8243;][et_pb_image src=\u00bbhttps:\/\/jpfcine.cl\/es\/wp-content\/uploads\/2019\/01\/Group-292ss.png\u00bb url=\u00bb\/es\/studio-1\/\u00bb module_class=\u00bbhover-img-studio\u00bb _builder_version=\u00bb3.19.7&#8243; \/][et_pb_text _builder_version=\u00bb3.19.7&#8243; header_3_font=\u00bb|800|||||||\u00bb header_3_text_align=\u00bbcenter\u00bb header_3_text_color=\u00bb#ffffff\u00bb header_3_font_size=\u00bb46px\u00bb custom_margin=\u00bb-70px||\u00bb link_option_url=\u00bb\/es\/studio-1\/\u00bb]<\/p>\n<h3>ESTUDIO 1<\/h3>\n<p>[\/et_pb_text][\/et_pb_column][et_pb_column type=\u00bb1_2&#8243;][et_pb_image src=\u00bbhttps:\/\/jpfcine.cl\/es\/wp-content\/uploads\/2019\/01\/Group-115.png\u00bb url=\u00bb\/es\/studio-2\/\u00bb module_class=\u00bbhover-img-studio\u00bb _builder_version=\u00bb3.19.7&#8243; \/][et_pb_text _builder_version=\u00bb3.19.7&#8243; header_3_font=\u00bb|800|||||||\u00bb header_3_text_align=\u00bbcenter\u00bb header_3_text_color=\u00bb#ffffff\u00bb header_3_font_size=\u00bb46px\u00bb custom_margin=\u00bb-70px||\u00bb link_option_url=\u00bb\/es\/studio-2\/\u00bb]<\/p>\n<h3>ESTUDIO 2<\/h3>\n<p>[\/et_pb_text][\/et_pb_column][\/et_pb_row][\/et_pb_section][et_pb_section bb_built=\u00bb1&#8243; _builder_version=\u00bb3.19.7&#8243; module_id=\u00bbcontent-icon-languaje\u00bb next_background_color=\u00bb#000000&#8243; global_module=\u00bb2217&#8243; prev_background_color=\u00bb#000000&#8243;][et_pb_row global_parent=\u00bb2217&#8243; _builder_version=\u00bb3.19.7&#8243;][et_pb_column type=\u00bb4_4&#8243;][et_pb_code global_parent=\u00bb2217&#8243; _builder_version=\u00bb3.19.7&#8243;]<\/p>\n<div class=\"content-botton-languaje\"><!-- [et_pb_line_break_holder] -->  <a href=\"\/\"><!-- [et_pb_line_break_holder] -->  <img decoding=\"async\" src=\"\/es\/wp-content\/uploads\/2019\/06\/United-States_m.png\"><!-- [et_pb_line_break_holder] -->    Ingles<!-- [et_pb_line_break_holder] -->  <\/a><!-- [et_pb_line_break_holder] --><\/div>\n<p>[\/et_pb_code][\/et_pb_column][\/et_pb_row][\/et_pb_section][et_pb_section bb_built=\u00bb1&#8243; admin_label=\u00bbSeccion Price\u00bb module_id=\u00bbseccion-pricing\u00bb _builder_version=\u00bb3.19.5&#8243; saved_tabs=\u00bball\u00bb prev_background_color=\u00bb#000000&#8243; next_background_color=\u00bb#276091&#8243; global_module=\u00bb55&#8243;][et_pb_row global_parent=\u00bb55&#8243; use_custom_width=\u00bbon\u00bb width_unit=\u00bboff\u00bb custom_width_percent=\u00bb100%\u00bb use_custom_gutter=\u00bbon\u00bb gutter_width=\u00bb1&#8243; custom_padding=\u00bb|10%||10%||true\u00bb custom_padding_tablet=\u00bb|0%||0%||true\u00bb make_equal=\u00bbon\u00bb custom_padding_last_edited=\u00bbon|phone\u00bb module_class=\u00bbcontent-list-pricing-blue\u00bb _builder_version=\u00bb3.19.7&#8243; background_color=\u00bb#276091&#8243; collapsed=\u00bboff\u00bb][et_pb_column type=\u00bb1_3&#8243;][et_pb_text global_parent=\u00bb55&#8243; _builder_version=\u00bb3.19.7&#8243; header_2_font=\u00bb|300|||||||\u00bb header_2_text_align=\u00bbcenter\u00bb header_2_text_color=\u00bb#ffffff\u00bb link_option_url=\u00bb\/wp-content\/uploads\/2019\/05\/Price-list_compressed.pdf\u00bb link_option_url_new_window=\u00bbon\u00bb]<\/p>\n<p>&nbsp;<\/p>\n<h2>DOWNLOAD LIST <i class=\"fas fa-download\"><\/i><\/h2>\n<p>&nbsp;<\/p>\n<p>[\/et_pb_text][\/et_pb_column][et_pb_column type=\u00bb1_3&#8243;][et_pb_text global_parent=\u00bb55&#8243; _builder_version=\u00bb3.19.7&#8243; header_2_font=\u00bb|700|||||||\u00bb header_2_text_align=\u00bbcenter\u00bb header_2_text_color=\u00bb#ffffff\u00bb]<\/p>\n<p>&nbsp;<\/p>\n<h2>LISTA DE PRECIOS<\/h2>\n<p>&nbsp;<\/p>\n<p>[\/et_pb_text][\/et_pb_column][et_pb_column type=\u00bb1_3&#8243;][et_pb_text global_parent=\u00bb55&#8243; _builder_version=\u00bb3.19.7&#8243; header_2_font=\u00bb|300|||||||\u00bb header_2_text_align=\u00bbcenter\u00bb header_2_text_color=\u00bb#ffffff\u00bb link_option_url=\u00bb\/wp-content\/uploads\/2019\/05\/Lista-de-precios.pdf\u00bb link_option_url_new_window=\u00bbon\u00bb]<\/p>\n<p>&nbsp;<\/p>\n<h2>DESCARGA LISTA <i class=\"fas fa-download\"><\/i><\/h2>\n<p>&nbsp;<\/p>\n<p>[\/et_pb_text][\/et_pb_column][\/et_pb_row][et_pb_row global_parent=\u00bb55&#8243; _builder_version=\u00bb3.19.5&#8243; collapsed=\u00bboff\u00bb][et_pb_column type=\u00bb4_4&#8243;][et_pb_divider global_parent=\u00bb55&#8243; color=\u00bbrgba(119,119,119,0.35)\u00bb _builder_version=\u00bb3.19.5&#8243; custom_margin=\u00bb30px||\u00bb \/][\/et_pb_column][\/et_pb_row][et_pb_row global_parent=\u00bb55&#8243; custom_padding=\u00bb50px|0px|27px|0px|false|false\u00bb _builder_version=\u00bb3.19.5&#8243; collapsed=\u00bboff\u00bb][et_pb_column type=\u00bb1_3&#8243;][et_pb_text global_parent=\u00bb55&#8243; _builder_version=\u00bb3.19.7&#8243; header_2_font=\u00bb||||||||\u00bb header_2_text_align=\u00bbcenter\u00bb]<\/p>\n<h2><span><i class=\"fas fa-map-marker-alt\"><\/i><\/span>   DIRECCI\u00d3N<\/p>\n<h2>\n<p>[\/et_pb_text][et_pb_text global_parent=\u00bb55&#8243; _builder_version=\u00bb3.19.7&#8243; text_font=\u00bb|300|||||||\u00bb text_font_size=\u00bb16px\u00bb header_2_text_align=\u00bbcenter\u00bb text_orientation=\u00bbcenter\u00bb]<\/p>\n<p>&nbsp;<\/p>\n<p>Calle Nueva 1757, Huehuraba. Santiago, Chile<\/p>\n<p>&nbsp;<\/p>\n<p>[\/et_pb_text][\/et_pb_column][et_pb_column type=\u00bb1_3&#8243;][et_pb_text global_parent=\u00bb55&#8243; _builder_version=\u00bb3.19.5&#8243; header_2_font=\u00bb||||||||\u00bb header_2_text_align=\u00bbcenter\u00bb]<\/p>\n<h2><span><i class=\"far fa-envelope\"><\/i><\/span>   MAIL<\/p>\n<h2>\n<p>[\/et_pb_text][et_pb_text global_parent=\u00bb55&#8243; _builder_version=\u00bb3.19.7&#8243; text_font=\u00bb|300|||||||\u00bb text_font_size=\u00bb16px\u00bb header_2_text_align=\u00bbcenter\u00bb text_orientation=\u00bbcenter\u00bb]<\/p>\n<p>&nbsp;<\/p>\n<p>jpf@jpfcine.cl <\/p>\n<p>lcanales@jpfcine.cl<\/p>\n<p>josue@jpfcine.cl<\/p>\n<p>&nbsp;<\/p>\n<p>[\/et_pb_text][\/et_pb_column][et_pb_column type=\u00bb1_3&#8243;][et_pb_text global_parent=\u00bb55&#8243; _builder_version=\u00bb3.19.7&#8243; header_2_font=\u00bb||||||||\u00bb header_2_text_align=\u00bbcenter\u00bb]<\/p>\n<h2><span><i class=\"fas fa-mobile\"><\/i><\/span>   TEL\u00c9FONO<\/p>\n<h2>\n<p>[\/et_pb_text][et_pb_text global_parent=\u00bb55&#8243; _builder_version=\u00bb3.19.7&#8243; text_font=\u00bb|300|||||||\u00bb text_font_size=\u00bb16px\u00bb header_2_text_align=\u00bbcenter\u00bb text_orientation=\u00bbcenter\u00bb]<\/p>\n<p>&nbsp;<\/p>\n<p>+562 2 862 6800<\/p>\n<p>&nbsp;<\/p>\n<p>[\/et_pb_text][\/et_pb_column][\/et_pb_row][et_pb_row global_parent=\u00bb55&#8243; _builder_version=\u00bb3.19.5&#8243; collapsed=\u00bbon\u00bb][et_pb_column type=\u00bb4_4&#8243;][et_pb_divider global_parent=\u00bb55&#8243; color=\u00bbrgba(119,119,119,0.35)\u00bb _builder_version=\u00bb3.19.5&#8243; custom_margin=\u00bb30px||\u00bb \/][\/et_pb_column][\/et_pb_row][\/et_pb_section][et_pb_section bb_built=\u00bb1&#8243; admin_label=\u00bbFooter\u00bb _builder_version=\u00bb3.19.5&#8243; background_color=\u00bb#276091&#8243; custom_padding=\u00bb0|0px|0|0px|false|false\u00bb prev_background_color=\u00bb#ffffff\u00bb global_module=\u00bb57&#8243;][et_pb_row global_parent=\u00bb57&#8243; _builder_version=\u00bb3.19.5&#8243;][et_pb_column type=\u00bb1_2&#8243;][et_pb_text global_parent=\u00bb57&#8243; _builder_version=\u00bb3.19.7&#8243; text_font=\u00bb|300|||||||\u00bb text_text_color=\u00bb#ffffff\u00bb]<\/p>\n<p>JPF CINE \u2010 2018 \u00a9 Santiago Chile.<\/p>\n<p>[\/et_pb_text][\/et_pb_column][et_pb_column type=\u00bb1_2&#8243;][et_pb_text global_parent=\u00bb57&#8243; _builder_version=\u00bb3.19.5&#8243; text_font=\u00bb|300|||||||\u00bb text_text_color=\u00bb#ffffff\u00bb text_orientation=\u00bbright\u00bb]<\/p>\n<p>Site developed by GUX.<\/p>\n<p>[\/et_pb_text][\/et_pb_column][\/et_pb_row][\/et_pb_section]<\/p>\n","protected":false},"excerpt":{"rendered":"<p>[et_pb_section bb_built=\u00bb1&#8243; fullwidth=\u00bbon\u00bb _builder_version=\u00bb3.19.5&#8243; custom_padding=\u00bb0px|0px|1px|0px|false|false\u00bb next_background_color=\u00bb#000000&#8243;][et_pb_fullwidth_header title=\u00bbESTUDIOS\u00bb module_class=\u00bbfondo-header-studios\u00bb _builder_version=\u00bb3.19.7&#8243; title_text_align=\u00bbcenter\u00bb title_font_size=\u00bb100px\u00bb background_image=\u00bbhttps:\/\/jpfcine.cl\/es\/wp-content\/uploads\/2019\/01\/banner6.png\u00bb parallax=\u00bbon\u00bb custom_margin=\u00bb||\u00bb custom_padding=\u00bb||\u00bb \/][\/et_pb_section][et_pb_section bb_built=\u00bb1&#8243; admin_label=\u00bbSeccion Sevices\u00bb module_id=\u00bbseccion-Tab-nivel-1&#8243; _builder_version=\u00bb3.19.5&#8243; custom_padding=\u00bb54px|0px|0|0px|false|false\u00bb prev_background_color=\u00bb#000000&#8243; next_background_color=\u00bb#000000&#8243;][et_pb_row make_equal=\u00bbon\u00bb _builder_version=\u00bb3.19.5&#8243;][et_pb_column type=\u00bb1_2&#8243;][et_pb_text _builder_version=\u00bb3.19.7&#8243;] UBICACI\u00d3N &nbsp; Nuestros estudios est\u00e1n ubicados al norte de Santiago, a 15-20 minutos del centro de la ciudad y de los principales hoteles. Tienen f\u00e1cil acceso, al [&hellip;]<\/p>\n","protected":false},"author":1,"featured_media":0,"parent":0,"menu_order":0,"comment_status":"closed","ping_status":"closed","template":"","meta":{"_et_pb_use_builder":"on","_et_pb_old_content":"<!-- wp:divi\/placeholder \/-->","_et_gb_content_width":"","footnotes":""},"class_list":["post-245","page","type-page","status-publish","hentry"],"_links":{"self":[{"href":"https:\/\/jpfcine.cl\/es\/wp-json\/wp\/v2\/pages\/245","targetHints":{"allow":["GET"]}}],"collection":[{"href":"https:\/\/jpfcine.cl\/es\/wp-json\/wp\/v2\/pages"}],"about":[{"href":"https:\/\/jpfcine.cl\/es\/wp-json\/wp\/v2\/types\/page"}],"author":[{"embeddable":true,"href":"https:\/\/jpfcine.cl\/es\/wp-json\/wp\/v2\/users\/1"}],"replies":[{"embeddable":true,"href":"https:\/\/jpfcine.cl\/es\/wp-json\/wp\/v2\/comments?post=245"}],"version-history":[{"count":21,"href":"https:\/\/jpfcine.cl\/es\/wp-json\/wp\/v2\/pages\/245\/revisions"}],"predecessor-version":[{"id":2233,"href":"https:\/\/jpfcine.cl\/es\/wp-json\/wp\/v2\/pages\/245\/revisions\/2233"}],"wp:attachment":[{"href":"https:\/\/jpfcine.cl\/es\/wp-json\/wp\/v2\/media?parent=245"}],"curies":[{"name":"wp","href":"https:\/\/api.w.org\/{rel}","templated":true}]}}