{"id":247,"date":"2019-01-18T15:14:24","date_gmt":"2019-01-18T18:14:24","guid":{"rendered":"https:\/\/jpfcine.cl\/es\/?page_id=247"},"modified":"2019-06-07T09:56:01","modified_gmt":"2019-06-07T12:56:01","slug":"expendable-store","status":"publish","type":"page","link":"https:\/\/jpfcine.cl\/es\/expendable-store\/","title":{"rendered":"EXPENDABLE STORE"},"content":{"rendered":"<p>[et_pb_section bb_built=\u00bb1&#8243; fullwidth=\u00bbon\u00bb _builder_version=\u00bb3.19.5&#8243; custom_padding=\u00bb0px|0px|0px|0px|false|false\u00bb next_background_color=\u00bb#000000&#8243;][et_pb_fullwidth_header title=\u00bbTIENDA JPF\u00bb module_class=\u00bbfondo-header-studios\u00bb _builder_version=\u00bb3.19.7&#8243; title_text_align=\u00bbcenter\u00bb title_font_size=\u00bb100px\u00bb background_image=\u00bbhttps:\/\/jpfcine.cl\/es\/wp-content\/uploads\/2019\/01\/banner3.png\u00bb parallax=\u00bbon\u00bb custom_margin=\u00bb||\u00bb custom_padding=\u00bb||\u00bb]<\/p>\n<p><\/p>\n<p>[\/et_pb_fullwidth_header][\/et_pb_section][et_pb_section bb_built=\u00bb1&#8243; admin_label=\u00bbSeccion Sevices\u00bb module_id=\u00bbseccion-Tab-nivel-1&#8243; _builder_version=\u00bb3.19.5&#8243; custom_padding=\u00bb54px|0px|60px|0px|false|false\u00bb prev_background_color=\u00bb#000000&#8243; next_background_color=\u00bb#000000&#8243;][et_pb_row make_equal=\u00bbon\u00bb _builder_version=\u00bb3.19.5&#8243;][et_pb_column type=\u00bb1_2&#8243;][et_pb_text _builder_version=\u00bb3.19.7&#8243; custom_margin=\u00bb100px||\u00bb]<\/p>\n<p>Sabemos que muchas veces, a pesar de los mejores esferuzos del equipo de producci\u00f3n, algunos elementos necesarios pueden faltar. Desde plasticina a gaffer, pilas, gelatinas, o incluso pasta de dientes o tabaco para alguno de los miembros de tu equipo. Tenemos todo eso y mucho m\u00e1s en nuestra pr\u00e1ctica Tienda JPF, ubicada en el segundo piso de nuestro estudio. Aceptamos efectivo, tarjetas de cr\u00e9dito y d\u00e9bito. Ven a verla, estamos seguros que encontrar\u00e1s algo que te ser\u00e1 \u00fatil!<\/p>\n<p>[\/et_pb_text][\/et_pb_column][et_pb_column type=\u00bb1_2&#8243;][et_pb_image src=\u00bbhttps:\/\/jpfcine.cl\/es\/wp-content\/uploads\/2019\/06\/varios.jpeg\u00bb _builder_version=\u00bb3.19.7&#8243; max_width=\u00bb70%\u00bb module_alignment=\u00bbcenter\u00bb module_class=\u00bbimg-store\u00bb]<\/p>\n<p><\/p>\n<p>[\/et_pb_image][\/et_pb_column][\/et_pb_row][\/et_pb_section][et_pb_section bb_built=\u00bb1&#8243; _builder_version=\u00bb3.19.7&#8243; module_id=\u00bbcontent-icon-languaje\u00bb next_background_color=\u00bb#000000&#8243; global_module=\u00bb2217&#8243; prev_background_color=\u00bb#000000&#8243;][et_pb_row global_parent=\u00bb2217&#8243; _builder_version=\u00bb3.19.7&#8243;][et_pb_column type=\u00bb4_4&#8243;][et_pb_code global_parent=\u00bb2217&#8243; _builder_version=\u00bb3.19.7&#8243;]<\/p>\n<div class=\"content-botton-languaje\"><!-- [et_pb_line_break_holder] -->  <a href=\"\/\"><!-- [et_pb_line_break_holder] -->  <img decoding=\"async\" src=\"\/es\/wp-content\/uploads\/2019\/06\/United-States_m.png\"><!-- [et_pb_line_break_holder] -->    Ingles<!-- [et_pb_line_break_holder] -->  <\/a><!-- [et_pb_line_break_holder] --><\/div>\n<p>[\/et_pb_code][\/et_pb_column][\/et_pb_row][\/et_pb_section][et_pb_section bb_built=\u00bb1&#8243; admin_label=\u00bbSeccion Price\u00bb module_id=\u00bbseccion-pricing\u00bb _builder_version=\u00bb3.19.5&#8243; saved_tabs=\u00bball\u00bb prev_background_color=\u00bb#000000&#8243; next_background_color=\u00bb#276091&#8243; global_module=\u00bb55&#8243;][et_pb_row global_parent=\u00bb55&#8243; use_custom_width=\u00bbon\u00bb width_unit=\u00bboff\u00bb custom_width_percent=\u00bb100%\u00bb use_custom_gutter=\u00bbon\u00bb gutter_width=\u00bb1&#8243; custom_padding=\u00bb|10%||10%||true\u00bb custom_padding_tablet=\u00bb|0%||0%||true\u00bb make_equal=\u00bbon\u00bb custom_padding_last_edited=\u00bbon|phone\u00bb module_class=\u00bbcontent-list-pricing-blue\u00bb _builder_version=\u00bb3.19.7&#8243; background_color=\u00bb#276091&#8243; collapsed=\u00bboff\u00bb][et_pb_column type=\u00bb1_3&#8243;][et_pb_text global_parent=\u00bb55&#8243; _builder_version=\u00bb3.19.7&#8243; header_2_font=\u00bb|300|||||||\u00bb header_2_text_align=\u00bbcenter\u00bb header_2_text_color=\u00bb#ffffff\u00bb link_option_url=\u00bb\/wp-content\/uploads\/2019\/05\/Price-list_compressed.pdf\u00bb link_option_url_new_window=\u00bbon\u00bb]<\/p>\n<p>&nbsp;<\/p>\n<h2>DOWNLOAD LIST <i class=\"fas fa-download\"><\/i><\/h2>\n<p>&nbsp;<\/p>\n<p>[\/et_pb_text][\/et_pb_column][et_pb_column type=\u00bb1_3&#8243;][et_pb_text global_parent=\u00bb55&#8243; _builder_version=\u00bb3.19.7&#8243; header_2_font=\u00bb|700|||||||\u00bb header_2_text_align=\u00bbcenter\u00bb header_2_text_color=\u00bb#ffffff\u00bb]<\/p>\n<p>&nbsp;<\/p>\n<h2>LISTA DE PRECIOS<\/h2>\n<p>&nbsp;<\/p>\n<p>[\/et_pb_text][\/et_pb_column][et_pb_column type=\u00bb1_3&#8243;][et_pb_text global_parent=\u00bb55&#8243; _builder_version=\u00bb3.19.7&#8243; header_2_font=\u00bb|300|||||||\u00bb header_2_text_align=\u00bbcenter\u00bb header_2_text_color=\u00bb#ffffff\u00bb link_option_url=\u00bb\/wp-content\/uploads\/2019\/05\/Lista-de-precios.pdf\u00bb link_option_url_new_window=\u00bbon\u00bb]<\/p>\n<p>&nbsp;<\/p>\n<h2>DESCARGA LISTA <i class=\"fas fa-download\"><\/i><\/h2>\n<p>&nbsp;<\/p>\n<p>[\/et_pb_text][\/et_pb_column][\/et_pb_row][et_pb_row global_parent=\u00bb55&#8243; _builder_version=\u00bb3.19.5&#8243; collapsed=\u00bboff\u00bb][et_pb_column type=\u00bb4_4&#8243;][et_pb_divider global_parent=\u00bb55&#8243; color=\u00bbrgba(119,119,119,0.35)\u00bb _builder_version=\u00bb3.19.5&#8243; custom_margin=\u00bb30px||\u00bb \/][\/et_pb_column][\/et_pb_row][et_pb_row global_parent=\u00bb55&#8243; custom_padding=\u00bb50px|0px|27px|0px|false|false\u00bb _builder_version=\u00bb3.19.5&#8243; collapsed=\u00bboff\u00bb][et_pb_column type=\u00bb1_3&#8243;][et_pb_text global_parent=\u00bb55&#8243; _builder_version=\u00bb3.19.7&#8243; header_2_font=\u00bb||||||||\u00bb header_2_text_align=\u00bbcenter\u00bb]<\/p>\n<h2><span><i class=\"fas fa-map-marker-alt\"><\/i><\/span>   DIRECCI\u00d3N<\/p>\n<h2>\n<p>[\/et_pb_text][et_pb_text global_parent=\u00bb55&#8243; _builder_version=\u00bb3.19.7&#8243; text_font=\u00bb|300|||||||\u00bb text_font_size=\u00bb16px\u00bb header_2_text_align=\u00bbcenter\u00bb text_orientation=\u00bbcenter\u00bb]<\/p>\n<p>&nbsp;<\/p>\n<p>Calle Nueva 1757, Huehuraba. Santiago, Chile<\/p>\n<p>&nbsp;<\/p>\n<p>[\/et_pb_text][\/et_pb_column][et_pb_column type=\u00bb1_3&#8243;][et_pb_text global_parent=\u00bb55&#8243; _builder_version=\u00bb3.19.5&#8243; header_2_font=\u00bb||||||||\u00bb header_2_text_align=\u00bbcenter\u00bb]<\/p>\n<h2><span><i class=\"far fa-envelope\"><\/i><\/span>   MAIL<\/p>\n<h2>\n<p>[\/et_pb_text][et_pb_text global_parent=\u00bb55&#8243; _builder_version=\u00bb3.19.7&#8243; text_font=\u00bb|300|||||||\u00bb text_font_size=\u00bb16px\u00bb header_2_text_align=\u00bbcenter\u00bb text_orientation=\u00bbcenter\u00bb]<\/p>\n<p>&nbsp;<\/p>\n<p>jpf@jpfcine.cl <\/p>\n<p>lcanales@jpfcine.cl<\/p>\n<p>josue@jpfcine.cl<\/p>\n<p>&nbsp;<\/p>\n<p>[\/et_pb_text][\/et_pb_column][et_pb_column type=\u00bb1_3&#8243;][et_pb_text global_parent=\u00bb55&#8243; _builder_version=\u00bb3.19.7&#8243; header_2_font=\u00bb||||||||\u00bb header_2_text_align=\u00bbcenter\u00bb]<\/p>\n<h2><span><i class=\"fas fa-mobile\"><\/i><\/span>   TEL\u00c9FONO<\/p>\n<h2>\n<p>[\/et_pb_text][et_pb_text global_parent=\u00bb55&#8243; _builder_version=\u00bb3.19.7&#8243; text_font=\u00bb|300|||||||\u00bb text_font_size=\u00bb16px\u00bb header_2_text_align=\u00bbcenter\u00bb text_orientation=\u00bbcenter\u00bb]<\/p>\n<p>&nbsp;<\/p>\n<p>+562 2 862 6800<\/p>\n<p>&nbsp;<\/p>\n<p>[\/et_pb_text][\/et_pb_column][\/et_pb_row][et_pb_row global_parent=\u00bb55&#8243; _builder_version=\u00bb3.19.5&#8243; collapsed=\u00bbon\u00bb][et_pb_column type=\u00bb4_4&#8243;][et_pb_divider global_parent=\u00bb55&#8243; color=\u00bbrgba(119,119,119,0.35)\u00bb _builder_version=\u00bb3.19.5&#8243; custom_margin=\u00bb30px||\u00bb \/][\/et_pb_column][\/et_pb_row][\/et_pb_section][et_pb_section bb_built=\u00bb1&#8243; admin_label=\u00bbFooter\u00bb _builder_version=\u00bb3.19.5&#8243; background_color=\u00bb#276091&#8243; custom_padding=\u00bb0|0px|0|0px|false|false\u00bb prev_background_color=\u00bb#ffffff\u00bb global_module=\u00bb57&#8243;][et_pb_row global_parent=\u00bb57&#8243; _builder_version=\u00bb3.19.5&#8243;][et_pb_column type=\u00bb1_2&#8243;][et_pb_text global_parent=\u00bb57&#8243; _builder_version=\u00bb3.19.7&#8243; text_font=\u00bb|300|||||||\u00bb text_text_color=\u00bb#ffffff\u00bb]<\/p>\n<p>JPF CINE \u2010 2018 \u00a9 Santiago Chile.<\/p>\n<p>[\/et_pb_text][\/et_pb_column][et_pb_column type=\u00bb1_2&#8243;][et_pb_text global_parent=\u00bb57&#8243; _builder_version=\u00bb3.19.5&#8243; text_font=\u00bb|300|||||||\u00bb text_text_color=\u00bb#ffffff\u00bb text_orientation=\u00bbright\u00bb]<\/p>\n<p>Site developed by GUX.<\/p>\n<p>[\/et_pb_text][\/et_pb_column][\/et_pb_row][\/et_pb_section]<\/p>\n","protected":false},"excerpt":{"rendered":"<p>[et_pb_section bb_built=\u00bb1&#8243; fullwidth=\u00bbon\u00bb _builder_version=\u00bb3.19.5&#8243; custom_padding=\u00bb0px|0px|0px|0px|false|false\u00bb next_background_color=\u00bb#000000&#8243;][et_pb_fullwidth_header title=\u00bbTIENDA JPF\u00bb module_class=\u00bbfondo-header-studios\u00bb _builder_version=\u00bb3.19.7&#8243; title_text_align=\u00bbcenter\u00bb title_font_size=\u00bb100px\u00bb background_image=\u00bbhttps:\/\/jpfcine.cl\/es\/wp-content\/uploads\/2019\/01\/banner3.png\u00bb parallax=\u00bbon\u00bb custom_margin=\u00bb||\u00bb custom_padding=\u00bb||\u00bb] [\/et_pb_fullwidth_header][\/et_pb_section][et_pb_section bb_built=\u00bb1&#8243; admin_label=\u00bbSeccion Sevices\u00bb module_id=\u00bbseccion-Tab-nivel-1&#8243; _builder_version=\u00bb3.19.5&#8243; custom_padding=\u00bb54px|0px|60px|0px|false|false\u00bb prev_background_color=\u00bb#000000&#8243; next_background_color=\u00bb#000000&#8243;][et_pb_row make_equal=\u00bbon\u00bb _builder_version=\u00bb3.19.5&#8243;][et_pb_column type=\u00bb1_2&#8243;][et_pb_text _builder_version=\u00bb3.19.7&#8243; custom_margin=\u00bb100px||\u00bb] Sabemos que muchas veces, a pesar de los mejores esferuzos del equipo de producci\u00f3n, algunos elementos necesarios pueden faltar. Desde plasticina a gaffer, pilas, gelatinas, [&hellip;]<\/p>\n","protected":false},"author":1,"featured_media":0,"parent":0,"menu_order":0,"comment_status":"closed","ping_status":"closed","template":"","meta":{"_et_pb_use_builder":"on","_et_pb_old_content":"<!-- wp:divi\/placeholder \/-->","_et_gb_content_width":"","footnotes":""},"class_list":["post-247","page","type-page","status-publish","hentry"],"_links":{"self":[{"href":"https:\/\/jpfcine.cl\/es\/wp-json\/wp\/v2\/pages\/247","targetHints":{"allow":["GET"]}}],"collection":[{"href":"https:\/\/jpfcine.cl\/es\/wp-json\/wp\/v2\/pages"}],"about":[{"href":"https:\/\/jpfcine.cl\/es\/wp-json\/wp\/v2\/types\/page"}],"author":[{"embeddable":true,"href":"https:\/\/jpfcine.cl\/es\/wp-json\/wp\/v2\/users\/1"}],"replies":[{"embeddable":true,"href":"https:\/\/jpfcine.cl\/es\/wp-json\/wp\/v2\/comments?post=247"}],"version-history":[{"count":12,"href":"https:\/\/jpfcine.cl\/es\/wp-json\/wp\/v2\/pages\/247\/revisions"}],"predecessor-version":[{"id":2225,"href":"https:\/\/jpfcine.cl\/es\/wp-json\/wp\/v2\/pages\/247\/revisions\/2225"}],"wp:attachment":[{"href":"https:\/\/jpfcine.cl\/es\/wp-json\/wp\/v2\/media?parent=247"}],"curies":[{"name":"wp","href":"https:\/\/api.w.org\/{rel}","templated":true}]}}