{"id":253,"date":"2019-01-18T15:15:16","date_gmt":"2019-01-18T18:15:16","guid":{"rendered":"https:\/\/jpfcine.cl\/es\/?page_id=253"},"modified":"2019-06-28T16:06:38","modified_gmt":"2019-06-28T19:06:38","slug":"news","status":"publish","type":"page","link":"https:\/\/jpfcine.cl\/es\/news\/","title":{"rendered":"NEWS"},"content":{"rendered":"<p>[et_pb_section bb_built=\u00bb1&#8243; fullwidth=\u00bbon\u00bb _builder_version=\u00bb3.19.5&#8243; custom_padding=\u00bb0px|0px|1px|0px|false|false\u00bb next_background_color=\u00bb#000000&#8243;][et_pb_fullwidth_header title=\u00bbNOVEDADES\u00bb module_class=\u00bbfondo-header-studios\u00bb _builder_version=\u00bb3.19.7&#8243; title_text_align=\u00bbcenter\u00bb title_font_size=\u00bb100px\u00bb background_image=\u00bbhttps:\/\/jpfcine.cl\/es\/wp-content\/uploads\/2019\/01\/Group-292-2.png\u00bb parallax=\u00bbon\u00bb custom_margin=\u00bb||\u00bb custom_padding=\u00bb||\u00bb]<\/p>\n<p>[\/et_pb_fullwidth_header][\/et_pb_section][et_pb_section bb_built=\u00bb1&#8243; admin_label=\u00bbSeccion Sevices\u00bb module_id=\u00bbseccion-Tab-nivel-1&#8243; _builder_version=\u00bb3.19.5&#8243; custom_padding=\u00bb54px|0px|0|0px|false|false\u00bb prev_background_color=\u00bb#000000&#8243; next_background_color=\u00bb#000000&#8243;][et_pb_row custom_margin=\u00bb|||\u00bb _builder_version=\u00bb3.19.5&#8243;][et_pb_column type=\u00bb1_3&#8243;][et_pb_image _builder_version=\u00bb3.19.7&#8243; src=\u00bbhttps:\/\/jpfcine.cl\/es\/wp-content\/uploads\/2019\/06\/f71f3698-3644-41cc-834b-61356b8c79b3-e1561748493110.jpg\u00bb \/][et_pb_text _builder_version=\u00bb3.19.7&#8243;]<\/p>\n<p>Titan Tubes de Astera en JPF. Nuestras maletas de 8 tubos de luz LED tienen bater\u00edas recargables, y te ofrecen un muy amplio rango de colores y efectos, configurados v\u00eda app o sistema DMX.<\/p>\n<p>[\/et_pb_text][\/et_pb_column][et_pb_column type=\u00bb1_3&#8243;][et_pb_image _builder_version=\u00bb3.19.7&#8243; src=\u00bbhttps:\/\/jpfcine.cl\/es\/wp-content\/uploads\/2019\/06\/IMG_4124.jpg\u00bb \/][et_pb_text _builder_version=\u00bb3.19.7&#8243;]<\/p>\n<p>Tenemos la nueva c\u00e1mara Sony Venice en JPF. Su configuraci\u00f3n flexible permite usar el modo Full Frame (con m\u00e1s de 15 stops de rango din\u00e1mico, filmando hasta en 6K), o Super 35.<\/p>\n<p>[\/et_pb_text][\/et_pb_column][et_pb_column type=\u00bb1_3&#8243;][et_pb_image src=\u00bbhttps:\/\/jpfcine.cl\/es\/wp-content\/uploads\/2019\/01\/News-1.png\u00bb _builder_version=\u00bb3.19.5&#8243;]<\/p>\n<p>[\/et_pb_image][et_pb_text _builder_version=\u00bb3.19.7&#8243;]<\/p>\n<p>La nueva Softbox Octa 7 de DoPchoice le permite <br \/> crear una luz suave y brillante utilizando dos <br \/> SkyPanels S60. Con un di\u00e1metro de 7 pulgadas, un interior plateado reflectante y un difusor frontal, es perfecto para iluminaci\u00f3n de techo o de belleza. <\/p>\n<p>[\/et_pb_text][\/et_pb_column][\/et_pb_row][et_pb_row custom_margin=\u00bb|||\u00bb _builder_version=\u00bb3.19.5&#8243;][et_pb_column type=\u00bb1_3&#8243;][et_pb_image src=\u00bbhttps:\/\/jpfcine.cl\/es\/wp-content\/uploads\/2019\/01\/News-2.png\u00bb _builder_version=\u00bb3.19.5&#8243;]<\/p>\n<p>[\/et_pb_image][et_pb_text _builder_version=\u00bb3.19.7&#8243;]<\/p>\n<p>Nueva linterna de quimera para SkyPanel S60. <br \/> crea una luz omnidireccional con su forma de globo, sin embargo, la direcci\u00f3n de la luz se puede controlar con la falda extra\u00edble que viene con ella.<\/p>\n<p>[\/et_pb_text][\/et_pb_column][et_pb_column type=\u00bb1_3&#8243;][et_pb_image src=\u00bbhttps:\/\/jpfcine.cl\/es\/wp-content\/uploads\/2019\/06\/News-3.jpeg\u00bb _builder_version=\u00bb3.19.7&#8243;]<\/p>\n<p>[\/et_pb_image][et_pb_text _builder_version=\u00bb3.19.7&#8243;]<\/p>\n<p>Nuestro nuevo panel suave Litepanels Gemini 2&#215;1 LED ofrece una hermosa y amplia fuente de iluminaci\u00f3n suave, con colores precisos, espectro completo y luz de tungsteno. Gemini permite a los usuarios un ajuste r\u00e1pido y sencillo de la luz con <br \/> tres modos de iluminaci\u00f3n con todas las funciones<\/p>\n<p>[\/et_pb_text][\/et_pb_column][et_pb_column type=\u00bb1_3&#8243;][\/et_pb_column][\/et_pb_row][\/et_pb_section][et_pb_section bb_built=\u00bb1&#8243; _builder_version=\u00bb3.19.7&#8243; module_id=\u00bbcontent-icon-languaje\u00bb prev_background_color=\u00bb#000000&#8243; next_background_color=\u00bb#000000&#8243; global_module=\u00bb2217&#8243;][et_pb_row global_parent=\u00bb2217&#8243; _builder_version=\u00bb3.19.7&#8243;][et_pb_column type=\u00bb4_4&#8243;][et_pb_code global_parent=\u00bb2217&#8243; _builder_version=\u00bb3.19.7&#8243;]<\/p>\n<div class=\"content-botton-languaje\"><!-- [et_pb_line_break_holder] -->  <a href=\"\/\"><!-- [et_pb_line_break_holder] -->  <img decoding=\"async\" src=\"\/es\/wp-content\/uploads\/2019\/06\/United-States_m.png\"><!-- [et_pb_line_break_holder] -->   ENGLISH<!-- [et_pb_line_break_holder] -->  <\/a><!-- [et_pb_line_break_holder] --><\/div>\n<p>[\/et_pb_code][\/et_pb_column][\/et_pb_row][\/et_pb_section][et_pb_section bb_built=\u00bb1&#8243; admin_label=\u00bbSeccion Price\u00bb module_id=\u00bbseccion-pricing\u00bb _builder_version=\u00bb3.19.5&#8243; saved_tabs=\u00bball\u00bb prev_background_color=\u00bb#000000&#8243; next_background_color=\u00bb#276091&#8243; global_module=\u00bb55&#8243;][et_pb_row global_parent=\u00bb55&#8243; use_custom_width=\u00bbon\u00bb width_unit=\u00bboff\u00bb custom_width_percent=\u00bb100%\u00bb use_custom_gutter=\u00bbon\u00bb gutter_width=\u00bb1&#8243; custom_padding=\u00bb|10%||10%||true\u00bb custom_padding_tablet=\u00bb|0%||0%||true\u00bb make_equal=\u00bbon\u00bb custom_padding_last_edited=\u00bbon|phone\u00bb module_class=\u00bbcontent-list-pricing-blue\u00bb _builder_version=\u00bb3.19.7&#8243; background_color=\u00bb#276091&#8243; collapsed=\u00bboff\u00bb][et_pb_column type=\u00bb1_3&#8243;][et_pb_text global_parent=\u00bb55&#8243; _builder_version=\u00bb3.19.7&#8243; header_2_font=\u00bb|300|||||||\u00bb header_2_text_align=\u00bbcenter\u00bb header_2_text_color=\u00bb#ffffff\u00bb link_option_url=\u00bb\/wp-content\/uploads\/2019\/05\/Price-list_compressed.pdf\u00bb link_option_url_new_window=\u00bbon\u00bb]<\/p>\n<p>&nbsp;<\/p>\n<h2>DOWNLOAD LIST <i class=\"fas fa-download\"><\/i><\/h2>\n<p>&nbsp;<\/p>\n<p>[\/et_pb_text][\/et_pb_column][et_pb_column type=\u00bb1_3&#8243;][et_pb_text global_parent=\u00bb55&#8243; _builder_version=\u00bb3.19.7&#8243; header_2_font=\u00bb|700|||||||\u00bb header_2_text_align=\u00bbcenter\u00bb header_2_text_color=\u00bb#ffffff\u00bb]<\/p>\n<p>&nbsp;<\/p>\n<h2>LISTA DE PRECIOS<\/h2>\n<p>&nbsp;<\/p>\n<p>[\/et_pb_text][\/et_pb_column][et_pb_column type=\u00bb1_3&#8243;][et_pb_text global_parent=\u00bb55&#8243; _builder_version=\u00bb3.19.7&#8243; header_2_font=\u00bb|300|||||||\u00bb header_2_text_align=\u00bbcenter\u00bb header_2_text_color=\u00bb#ffffff\u00bb link_option_url=\u00bb\/wp-content\/uploads\/2019\/05\/Lista-de-precios.pdf\u00bb link_option_url_new_window=\u00bbon\u00bb]<\/p>\n<p>&nbsp;<\/p>\n<h2>DESCARGA LISTA <i class=\"fas fa-download\"><\/i><\/h2>\n<p>&nbsp;<\/p>\n<p>[\/et_pb_text][\/et_pb_column][\/et_pb_row][et_pb_row global_parent=\u00bb55&#8243; _builder_version=\u00bb3.19.5&#8243; collapsed=\u00bboff\u00bb][et_pb_column type=\u00bb4_4&#8243;][et_pb_divider global_parent=\u00bb55&#8243; color=\u00bbrgba(119,119,119,0.35)\u00bb _builder_version=\u00bb3.19.5&#8243; custom_margin=\u00bb30px||\u00bb \/][\/et_pb_column][\/et_pb_row][et_pb_row global_parent=\u00bb55&#8243; custom_padding=\u00bb50px|0px|27px|0px|false|false\u00bb _builder_version=\u00bb3.19.5&#8243; collapsed=\u00bboff\u00bb][et_pb_column type=\u00bb1_3&#8243;][et_pb_text global_parent=\u00bb55&#8243; _builder_version=\u00bb3.19.7&#8243; header_2_font=\u00bb||||||||\u00bb header_2_text_align=\u00bbcenter\u00bb]<\/p>\n<h2><span><i class=\"fas fa-map-marker-alt\"><\/i><\/span>   DIRECCI\u00d3N<\/p>\n<h2>\n<p>[\/et_pb_text][et_pb_text global_parent=\u00bb55&#8243; _builder_version=\u00bb3.19.7&#8243; text_font=\u00bb|300|||||||\u00bb text_font_size=\u00bb16px\u00bb header_2_text_align=\u00bbcenter\u00bb text_orientation=\u00bbcenter\u00bb]<\/p>\n<p>&nbsp;<\/p>\n<p>Calle Nueva 1757, Huehuraba. Santiago, Chile<\/p>\n<p>&nbsp;<\/p>\n<p>[\/et_pb_text][\/et_pb_column][et_pb_column type=\u00bb1_3&#8243;][et_pb_text global_parent=\u00bb55&#8243; _builder_version=\u00bb3.19.5&#8243; header_2_font=\u00bb||||||||\u00bb header_2_text_align=\u00bbcenter\u00bb]<\/p>\n<h2><span><i class=\"far fa-envelope\"><\/i><\/span>   MAIL<\/p>\n<h2>\n<p>[\/et_pb_text][et_pb_text global_parent=\u00bb55&#8243; _builder_version=\u00bb3.19.7&#8243; text_font=\u00bb|300|||||||\u00bb text_font_size=\u00bb16px\u00bb header_2_text_align=\u00bbcenter\u00bb text_orientation=\u00bbcenter\u00bb]<\/p>\n<p>&nbsp;<\/p>\n<p>jpf@jpfcine.cl <\/p>\n<p>lcanales@jpfcine.cl<\/p>\n<p>josue@jpfcine.cl<\/p>\n<p>&nbsp;<\/p>\n<p>[\/et_pb_text][\/et_pb_column][et_pb_column type=\u00bb1_3&#8243;][et_pb_text global_parent=\u00bb55&#8243; _builder_version=\u00bb3.19.7&#8243; header_2_font=\u00bb||||||||\u00bb header_2_text_align=\u00bbcenter\u00bb]<\/p>\n<h2><span><i class=\"fas fa-mobile\"><\/i><\/span>   TEL\u00c9FONO<\/p>\n<h2>\n<p>[\/et_pb_text][et_pb_text global_parent=\u00bb55&#8243; _builder_version=\u00bb3.19.7&#8243; text_font=\u00bb|300|||||||\u00bb text_font_size=\u00bb16px\u00bb header_2_text_align=\u00bbcenter\u00bb text_orientation=\u00bbcenter\u00bb]<\/p>\n<p>&nbsp;<\/p>\n<p>+562 2 862 6800<\/p>\n<p>&nbsp;<\/p>\n<p>[\/et_pb_text][\/et_pb_column][\/et_pb_row][et_pb_row global_parent=\u00bb55&#8243; _builder_version=\u00bb3.19.5&#8243; collapsed=\u00bbon\u00bb][et_pb_column type=\u00bb4_4&#8243;][et_pb_divider global_parent=\u00bb55&#8243; color=\u00bbrgba(119,119,119,0.35)\u00bb _builder_version=\u00bb3.19.5&#8243; custom_margin=\u00bb30px||\u00bb \/][\/et_pb_column][\/et_pb_row][\/et_pb_section][et_pb_section bb_built=\u00bb1&#8243; admin_label=\u00bbFooter\u00bb _builder_version=\u00bb3.19.5&#8243; background_color=\u00bb#276091&#8243; custom_padding=\u00bb0|0px|0|0px|false|false\u00bb prev_background_color=\u00bb#ffffff\u00bb global_module=\u00bb57&#8243;][et_pb_row global_parent=\u00bb57&#8243; _builder_version=\u00bb3.19.5&#8243;][et_pb_column type=\u00bb1_2&#8243;][et_pb_text global_parent=\u00bb57&#8243; _builder_version=\u00bb3.19.7&#8243; text_font=\u00bb|300|||||||\u00bb text_text_color=\u00bb#ffffff\u00bb]<\/p>\n<p>JPF CINE \u2010 2018 \u00a9 Santiago Chile.<\/p>\n<p>[\/et_pb_text][\/et_pb_column][et_pb_column type=\u00bb1_2&#8243;][et_pb_text global_parent=\u00bb57&#8243; _builder_version=\u00bb3.19.5&#8243; text_font=\u00bb|300|||||||\u00bb text_text_color=\u00bb#ffffff\u00bb text_orientation=\u00bbright\u00bb]<\/p>\n<p>Site developed by GUX.<\/p>\n<p>[\/et_pb_text][\/et_pb_column][\/et_pb_row][\/et_pb_section]<\/p>\n","protected":false},"excerpt":{"rendered":"<p>[et_pb_section bb_built=\u00bb1&#8243; fullwidth=\u00bbon\u00bb _builder_version=\u00bb3.19.5&#8243; custom_padding=\u00bb0px|0px|1px|0px|false|false\u00bb next_background_color=\u00bb#000000&#8243;][et_pb_fullwidth_header title=\u00bbNOVEDADES\u00bb module_class=\u00bbfondo-header-studios\u00bb _builder_version=\u00bb3.19.7&#8243; title_text_align=\u00bbcenter\u00bb title_font_size=\u00bb100px\u00bb background_image=\u00bbhttps:\/\/jpfcine.cl\/es\/wp-content\/uploads\/2019\/01\/Group-292-2.png\u00bb parallax=\u00bbon\u00bb custom_margin=\u00bb||\u00bb custom_padding=\u00bb||\u00bb] [\/et_pb_fullwidth_header][\/et_pb_section][et_pb_section bb_built=\u00bb1&#8243; admin_label=\u00bbSeccion Sevices\u00bb module_id=\u00bbseccion-Tab-nivel-1&#8243; _builder_version=\u00bb3.19.5&#8243; custom_padding=\u00bb54px|0px|0|0px|false|false\u00bb prev_background_color=\u00bb#000000&#8243; next_background_color=\u00bb#000000&#8243;][et_pb_row custom_margin=\u00bb|||\u00bb _builder_version=\u00bb3.19.5&#8243;][et_pb_column type=\u00bb1_3&#8243;][et_pb_image _builder_version=\u00bb3.19.7&#8243; src=\u00bbhttps:\/\/jpfcine.cl\/es\/wp-content\/uploads\/2019\/06\/f71f3698-3644-41cc-834b-61356b8c79b3-e1561748493110.jpg\u00bb \/][et_pb_text _builder_version=\u00bb3.19.7&#8243;] Titan Tubes de Astera en JPF. Nuestras maletas de 8 tubos de luz LED tienen bater\u00edas recargables, y te ofrecen un muy amplio rango [&hellip;]<\/p>\n","protected":false},"author":1,"featured_media":0,"parent":0,"menu_order":0,"comment_status":"closed","ping_status":"closed","template":"","meta":{"_et_pb_use_builder":"on","_et_pb_old_content":"","_et_gb_content_width":"","footnotes":""},"class_list":["post-253","page","type-page","status-publish","hentry"],"_links":{"self":[{"href":"https:\/\/jpfcine.cl\/es\/wp-json\/wp\/v2\/pages\/253","targetHints":{"allow":["GET"]}}],"collection":[{"href":"https:\/\/jpfcine.cl\/es\/wp-json\/wp\/v2\/pages"}],"about":[{"href":"https:\/\/jpfcine.cl\/es\/wp-json\/wp\/v2\/types\/page"}],"author":[{"embeddable":true,"href":"https:\/\/jpfcine.cl\/es\/wp-json\/wp\/v2\/users\/1"}],"replies":[{"embeddable":true,"href":"https:\/\/jpfcine.cl\/es\/wp-json\/wp\/v2\/comments?post=253"}],"version-history":[{"count":8,"href":"https:\/\/jpfcine.cl\/es\/wp-json\/wp\/v2\/pages\/253\/revisions"}],"predecessor-version":[{"id":2265,"href":"https:\/\/jpfcine.cl\/es\/wp-json\/wp\/v2\/pages\/253\/revisions\/2265"}],"wp:attachment":[{"href":"https:\/\/jpfcine.cl\/es\/wp-json\/wp\/v2\/media?parent=253"}],"curies":[{"name":"wp","href":"https:\/\/api.w.org\/{rel}","templated":true}]}}