{"id":385,"date":"2019-01-21T11:07:32","date_gmt":"2019-01-21T14:07:32","guid":{"rendered":"https:\/\/jpfcine.cl\/es\/?page_id=385"},"modified":"2019-06-07T09:57:30","modified_gmt":"2019-06-07T12:57:30","slug":"studio-1","status":"publish","type":"page","link":"https:\/\/jpfcine.cl\/es\/studio-1\/","title":{"rendered":"STUDIO 1"},"content":{"rendered":"<p>[et_pb_section bb_built=\u00bb1&#8243; fullwidth=\u00bbon\u00bb _builder_version=\u00bb3.19.5&#8243; custom_padding=\u00bb0px|0px|1px|0px|false|false\u00bb next_background_color=\u00bb#000000&#8243;][et_pb_fullwidth_header title=\u00bbESTUDIO 1&#8243; module_class=\u00bbfondo-header-studios\u00bb _builder_version=\u00bb3.19.7&#8243; title_text_align=\u00bbcenter\u00bb title_font_size=\u00bb100px\u00bb background_image=\u00bbhttps:\/\/jpfcine.cl\/es\/wp-content\/uploads\/2019\/01\/studio1-min.png\u00bb parallax=\u00bbon\u00bb custom_margin=\u00bb||\u00bb custom_padding=\u00bb||\u00bb]<\/p>\n<p><\/p>\n<p>[\/et_pb_fullwidth_header][\/et_pb_section][et_pb_section bb_built=\u00bb1&#8243; admin_label=\u00bbSeccion Sevices\u00bb module_id=\u00bbseccion-Tab-nivel-1&#8243; _builder_version=\u00bb3.19.5&#8243; custom_padding=\u00bb54px|0px|60px|0px|false|false\u00bb prev_background_color=\u00bb#000000&#8243; next_background_color=\u00bb#000000&#8243;][et_pb_row use_custom_gutter=\u00bbon\u00bb gutter_width=\u00bb1&#8243; _builder_version=\u00bb3.19.5&#8243;][et_pb_column type=\u00bb1_2&#8243;][et_pb_button button_url=\u00bb#1&#8243; button_text=\u00bb1&#8243; button_alignment=\u00bbright\u00bb _builder_version=\u00bb3.19.5&#8243; custom_button=\u00bbon\u00bb button_text_color=\u00bb#ffffff\u00bb button_bg_color=\u00bbrgba(39,96,145,0.35)\u00bb button_border_radius=\u00bb100%\u00bb button_font=\u00bb||||||||\u00bb button_use_icon=\u00bboff\u00bb custom_padding=\u00bb8px||8px||true\u00bb]<\/p>\n<p>[\/et_pb_button][\/et_pb_column][et_pb_column type=\u00bb1_2&#8243;][et_pb_button button_url=\u00bbhttps:\/\/jpfcine.cl\/es\/studio-2\/\u00bb button_text=\u00bb2&#8243; button_alignment=\u00bbleft\u00bb _builder_version=\u00bb3.19.5&#8243; custom_button=\u00bbon\u00bb button_text_color=\u00bb#ffffff\u00bb button_bg_color=\u00bb#276091&#8243; button_border_radius=\u00bb100%\u00bb button_font=\u00bb||||||||\u00bb button_use_icon=\u00bboff\u00bb custom_padding=\u00bb8px||8px||true\u00bb]<\/p>\n<p>[\/et_pb_button][\/et_pb_column][\/et_pb_row][et_pb_row make_equal=\u00bbon\u00bb _builder_version=\u00bb3.19.5&#8243;][et_pb_column type=\u00bb1_2&#8243;][et_pb_text _builder_version=\u00bb3.19.7&#8243;]<\/p>\n<h2>Estudio<\/h2>\n<p>&nbsp;<\/p>\n<p>-Planta: 400m2 ( 17 x 24 mts) \/ 4,300 fT2 ( 55&#8242; x 78&#8242;). 8 mts de altura (26&#8242;)<br \/>\n-Infinito de 3 caras de 6mts x 17mts x 6mts ( 19&#8242; x 55&#8242; x 19&#8242;)<br \/>\n-Balc\u00f3n, sala de carga de pel\u00edculas, sala de maquillaje grande, ba\u00f1os, duchas, vestuario<br \/>\n-\u00c1rea de producci\u00f3n: 5mts x 17mts ( 16&#8242; x 55&#8242;)<br \/>\n-Gran espacio de carga con f\u00e1cil acceso\u00bb<\/p>\n<p>[\/et_pb_text][\/et_pb_column][et_pb_column type=\u00bb1_2&#8243;][et_pb_image src=\u00bbhttps:\/\/jpfcine.cl\/es\/wp-content\/uploads\/2019\/06\/Plano-estudio-1-espan\u0303ol.jpg\u00bb _builder_version=\u00bb3.19.7&#8243; max_width=\u00bb80%\u00bb module_alignment=\u00bbcenter\u00bb]<\/p>\n<p>[\/et_pb_image][et_pb_button button_url=\u00bb\/es\/wp-content\/uploads\/2019\/06\/Plano-estudio-1-espan\u0303ol.pdf\u00bb url_new_window=\u00bbon\u00bb button_text=\u00bbDESCARGAR PDF\u00bb button_alignment=\u00bbright\u00bb _builder_version=\u00bb3.19.7&#8243; custom_button=\u00bbon\u00bb button_text_size=\u00bb13px\u00bb button_border_width=\u00bb1px\u00bb button_border_radius=\u00bb7px\u00bb button_icon=\u00bb%%266%%\u00bb]<\/p>\n<p>[\/et_pb_button][\/et_pb_column][\/et_pb_row][et_pb_row _builder_version=\u00bb3.19.5&#8243;][et_pb_column type=\u00bb4_4&#8243;][et_pb_divider color=\u00bbrgba(112,112,112,0.39)\u00bb _builder_version=\u00bb3.19.5&#8243;]<\/p>\n<p>[\/et_pb_divider][et_pb_text _builder_version=\u00bb3.19.7&#8243; text_font=\u00bb||||||||\u00bb header_2_font=\u00bb|600|||||||\u00bb header_2_text_align=\u00bbcenter\u00bb header_2_font_size=\u00bb36px\u00bb]<\/p>\n<h2>GALER\u00cdA<\/h2>\n<p>[\/et_pb_text][\/et_pb_column][\/et_pb_row][et_pb_row bg_img_2=\u00bbhttps:\/\/jpfcine.cl\/es\/wp-content\/uploads\/2019\/01\/Group-115.png\u00bb _builder_version=\u00bb3.19.5&#8243;][et_pb_column type=\u00bb4_4&#8243;][et_pb_gallery gallery_ids=\u00bb395,396,397&#8243; gallery_orderby=\u00bbrand\u00bb posts_number=\u00bb3&#8243; orientation=\u00bbportrait\u00bb show_title_and_caption=\u00bboff\u00bb show_pagination=\u00bboff\u00bb zoom_icon_color=\u00bb#0c71c3&#8243; hover_overlay_color=\u00bbrgba(0,0,0,0)\u00bb hover_icon=\u00bb%%15%%\u00bb module_id=\u00bbGallery-studios\u00bb _builder_version=\u00bb3.19.5&#8243; custom_margin=\u00bb|0px||0px\u00bb custom_padding=\u00bb|0px||0px\u00bb]<\/p>\n<p>[\/et_pb_gallery][\/et_pb_column][\/et_pb_row][\/et_pb_section][et_pb_section bb_built=\u00bb1&#8243; _builder_version=\u00bb3.19.7&#8243; module_id=\u00bbcontent-icon-languaje\u00bb next_background_color=\u00bb#000000&#8243; global_module=\u00bb2217&#8243; prev_background_color=\u00bb#000000&#8243;][et_pb_row global_parent=\u00bb2217&#8243; _builder_version=\u00bb3.19.7&#8243;][et_pb_column type=\u00bb4_4&#8243;][et_pb_code global_parent=\u00bb2217&#8243; _builder_version=\u00bb3.19.7&#8243;]<\/p>\n<div class=\"content-botton-languaje\"><!-- [et_pb_line_break_holder] -->  <a href=\"\/\"><!-- [et_pb_line_break_holder] -->  <img decoding=\"async\" src=\"\/es\/wp-content\/uploads\/2019\/06\/United-States_m.png\"><!-- [et_pb_line_break_holder] -->    Ingles<!-- [et_pb_line_break_holder] -->  <\/a><!-- [et_pb_line_break_holder] --><\/div>\n<p>[\/et_pb_code][\/et_pb_column][\/et_pb_row][\/et_pb_section][et_pb_section bb_built=\u00bb1&#8243; admin_label=\u00bbSeccion Price\u00bb module_id=\u00bbseccion-pricing\u00bb _builder_version=\u00bb3.19.5&#8243; saved_tabs=\u00bball\u00bb prev_background_color=\u00bb#000000&#8243; next_background_color=\u00bb#276091&#8243; global_module=\u00bb55&#8243;][et_pb_row global_parent=\u00bb55&#8243; use_custom_width=\u00bbon\u00bb width_unit=\u00bboff\u00bb custom_width_percent=\u00bb100%\u00bb use_custom_gutter=\u00bbon\u00bb gutter_width=\u00bb1&#8243; custom_padding=\u00bb|10%||10%||true\u00bb custom_padding_tablet=\u00bb|0%||0%||true\u00bb make_equal=\u00bbon\u00bb custom_padding_last_edited=\u00bbon|phone\u00bb module_class=\u00bbcontent-list-pricing-blue\u00bb _builder_version=\u00bb3.19.7&#8243; background_color=\u00bb#276091&#8243; collapsed=\u00bboff\u00bb][et_pb_column type=\u00bb1_3&#8243;][et_pb_text global_parent=\u00bb55&#8243; _builder_version=\u00bb3.19.7&#8243; header_2_font=\u00bb|300|||||||\u00bb header_2_text_align=\u00bbcenter\u00bb header_2_text_color=\u00bb#ffffff\u00bb link_option_url=\u00bb\/wp-content\/uploads\/2019\/05\/Price-list_compressed.pdf\u00bb link_option_url_new_window=\u00bbon\u00bb]<\/p>\n<p>&nbsp;<\/p>\n<h2>DOWNLOAD LIST <i class=\"fas fa-download\"><\/i><\/h2>\n<p>&nbsp;<\/p>\n<p>[\/et_pb_text][\/et_pb_column][et_pb_column type=\u00bb1_3&#8243;][et_pb_text global_parent=\u00bb55&#8243; _builder_version=\u00bb3.19.7&#8243; header_2_font=\u00bb|700|||||||\u00bb header_2_text_align=\u00bbcenter\u00bb header_2_text_color=\u00bb#ffffff\u00bb]<\/p>\n<p>&nbsp;<\/p>\n<h2>LISTA DE PRECIOS<\/h2>\n<p>&nbsp;<\/p>\n<p>[\/et_pb_text][\/et_pb_column][et_pb_column type=\u00bb1_3&#8243;][et_pb_text global_parent=\u00bb55&#8243; _builder_version=\u00bb3.19.7&#8243; header_2_font=\u00bb|300|||||||\u00bb header_2_text_align=\u00bbcenter\u00bb header_2_text_color=\u00bb#ffffff\u00bb link_option_url=\u00bb\/wp-content\/uploads\/2019\/05\/Lista-de-precios.pdf\u00bb link_option_url_new_window=\u00bbon\u00bb]<\/p>\n<p>&nbsp;<\/p>\n<h2>DESCARGA LISTA <i class=\"fas fa-download\"><\/i><\/h2>\n<p>&nbsp;<\/p>\n<p>[\/et_pb_text][\/et_pb_column][\/et_pb_row][et_pb_row global_parent=\u00bb55&#8243; _builder_version=\u00bb3.19.5&#8243; collapsed=\u00bboff\u00bb][et_pb_column type=\u00bb4_4&#8243;][et_pb_divider global_parent=\u00bb55&#8243; color=\u00bbrgba(119,119,119,0.35)\u00bb _builder_version=\u00bb3.19.5&#8243; custom_margin=\u00bb30px||\u00bb \/][\/et_pb_column][\/et_pb_row][et_pb_row global_parent=\u00bb55&#8243; custom_padding=\u00bb50px|0px|27px|0px|false|false\u00bb _builder_version=\u00bb3.19.5&#8243; collapsed=\u00bboff\u00bb][et_pb_column type=\u00bb1_3&#8243;][et_pb_text global_parent=\u00bb55&#8243; _builder_version=\u00bb3.19.7&#8243; header_2_font=\u00bb||||||||\u00bb header_2_text_align=\u00bbcenter\u00bb]<\/p>\n<h2><span><i class=\"fas fa-map-marker-alt\"><\/i><\/span>   DIRECCI\u00d3N<\/p>\n<h2>\n<p>[\/et_pb_text][et_pb_text global_parent=\u00bb55&#8243; _builder_version=\u00bb3.19.7&#8243; text_font=\u00bb|300|||||||\u00bb text_font_size=\u00bb16px\u00bb header_2_text_align=\u00bbcenter\u00bb text_orientation=\u00bbcenter\u00bb]<\/p>\n<p>&nbsp;<\/p>\n<p>Calle Nueva 1757, Huehuraba. Santiago, Chile<\/p>\n<p>&nbsp;<\/p>\n<p>[\/et_pb_text][\/et_pb_column][et_pb_column type=\u00bb1_3&#8243;][et_pb_text global_parent=\u00bb55&#8243; _builder_version=\u00bb3.19.5&#8243; header_2_font=\u00bb||||||||\u00bb header_2_text_align=\u00bbcenter\u00bb]<\/p>\n<h2><span><i class=\"far fa-envelope\"><\/i><\/span>   MAIL<\/p>\n<h2>\n<p>[\/et_pb_text][et_pb_text global_parent=\u00bb55&#8243; _builder_version=\u00bb3.19.7&#8243; text_font=\u00bb|300|||||||\u00bb text_font_size=\u00bb16px\u00bb header_2_text_align=\u00bbcenter\u00bb text_orientation=\u00bbcenter\u00bb]<\/p>\n<p>&nbsp;<\/p>\n<p>jpf@jpfcine.cl <\/p>\n<p>lcanales@jpfcine.cl<\/p>\n<p>josue@jpfcine.cl<\/p>\n<p>&nbsp;<\/p>\n<p>[\/et_pb_text][\/et_pb_column][et_pb_column type=\u00bb1_3&#8243;][et_pb_text global_parent=\u00bb55&#8243; _builder_version=\u00bb3.19.7&#8243; header_2_font=\u00bb||||||||\u00bb header_2_text_align=\u00bbcenter\u00bb]<\/p>\n<h2><span><i class=\"fas fa-mobile\"><\/i><\/span>   TEL\u00c9FONO<\/p>\n<h2>\n<p>[\/et_pb_text][et_pb_text global_parent=\u00bb55&#8243; _builder_version=\u00bb3.19.7&#8243; text_font=\u00bb|300|||||||\u00bb text_font_size=\u00bb16px\u00bb header_2_text_align=\u00bbcenter\u00bb text_orientation=\u00bbcenter\u00bb]<\/p>\n<p>&nbsp;<\/p>\n<p>+562 2 862 6800<\/p>\n<p>&nbsp;<\/p>\n<p>[\/et_pb_text][\/et_pb_column][\/et_pb_row][et_pb_row global_parent=\u00bb55&#8243; _builder_version=\u00bb3.19.5&#8243; collapsed=\u00bbon\u00bb][et_pb_column type=\u00bb4_4&#8243;][et_pb_divider global_parent=\u00bb55&#8243; color=\u00bbrgba(119,119,119,0.35)\u00bb _builder_version=\u00bb3.19.5&#8243; custom_margin=\u00bb30px||\u00bb \/][\/et_pb_column][\/et_pb_row][\/et_pb_section][et_pb_section bb_built=\u00bb1&#8243; admin_label=\u00bbFooter\u00bb _builder_version=\u00bb3.19.5&#8243; background_color=\u00bb#276091&#8243; custom_padding=\u00bb0|0px|0|0px|false|false\u00bb prev_background_color=\u00bb#ffffff\u00bb global_module=\u00bb57&#8243;][et_pb_row global_parent=\u00bb57&#8243; _builder_version=\u00bb3.19.5&#8243;][et_pb_column type=\u00bb1_2&#8243;][et_pb_text global_parent=\u00bb57&#8243; _builder_version=\u00bb3.19.7&#8243; text_font=\u00bb|300|||||||\u00bb text_text_color=\u00bb#ffffff\u00bb]<\/p>\n<p>JPF CINE \u2010 2018 \u00a9 Santiago Chile.<\/p>\n<p>[\/et_pb_text][\/et_pb_column][et_pb_column type=\u00bb1_2&#8243;][et_pb_text global_parent=\u00bb57&#8243; _builder_version=\u00bb3.19.5&#8243; text_font=\u00bb|300|||||||\u00bb text_text_color=\u00bb#ffffff\u00bb text_orientation=\u00bbright\u00bb]<\/p>\n<p>Site developed by GUX.<\/p>\n<p>[\/et_pb_text][\/et_pb_column][\/et_pb_row][\/et_pb_section]<\/p>\n","protected":false},"excerpt":{"rendered":"<p>[et_pb_section bb_built=\u00bb1&#8243; fullwidth=\u00bbon\u00bb _builder_version=\u00bb3.19.5&#8243; custom_padding=\u00bb0px|0px|1px|0px|false|false\u00bb next_background_color=\u00bb#000000&#8243;][et_pb_fullwidth_header title=\u00bbESTUDIO 1&#8243; module_class=\u00bbfondo-header-studios\u00bb _builder_version=\u00bb3.19.7&#8243; title_text_align=\u00bbcenter\u00bb title_font_size=\u00bb100px\u00bb background_image=\u00bbhttps:\/\/jpfcine.cl\/es\/wp-content\/uploads\/2019\/01\/studio1-min.png\u00bb parallax=\u00bbon\u00bb custom_margin=\u00bb||\u00bb custom_padding=\u00bb||\u00bb] [\/et_pb_fullwidth_header][\/et_pb_section][et_pb_section bb_built=\u00bb1&#8243; admin_label=\u00bbSeccion Sevices\u00bb module_id=\u00bbseccion-Tab-nivel-1&#8243; _builder_version=\u00bb3.19.5&#8243; custom_padding=\u00bb54px|0px|60px|0px|false|false\u00bb prev_background_color=\u00bb#000000&#8243; next_background_color=\u00bb#000000&#8243;][et_pb_row use_custom_gutter=\u00bbon\u00bb gutter_width=\u00bb1&#8243; _builder_version=\u00bb3.19.5&#8243;][et_pb_column type=\u00bb1_2&#8243;][et_pb_button button_url=\u00bb#1&#8243; button_text=\u00bb1&#8243; button_alignment=\u00bbright\u00bb _builder_version=\u00bb3.19.5&#8243; custom_button=\u00bbon\u00bb button_text_color=\u00bb#ffffff\u00bb button_bg_color=\u00bbrgba(39,96,145,0.35)\u00bb button_border_radius=\u00bb100%\u00bb button_font=\u00bb||||||||\u00bb button_use_icon=\u00bboff\u00bb custom_padding=\u00bb8px||8px||true\u00bb] [\/et_pb_button][\/et_pb_column][et_pb_column type=\u00bb1_2&#8243;][et_pb_button button_url=\u00bbhttps:\/\/jpfcine.cl\/es\/studio-2\/\u00bb button_text=\u00bb2&#8243; button_alignment=\u00bbleft\u00bb _builder_version=\u00bb3.19.5&#8243; custom_button=\u00bbon\u00bb button_text_color=\u00bb#ffffff\u00bb button_bg_color=\u00bb#276091&#8243; button_border_radius=\u00bb100%\u00bb button_font=\u00bb||||||||\u00bb button_use_icon=\u00bboff\u00bb custom_padding=\u00bb8px||8px||true\u00bb] [\/et_pb_button][\/et_pb_column][\/et_pb_row][et_pb_row make_equal=\u00bbon\u00bb [&hellip;]<\/p>\n","protected":false},"author":1,"featured_media":0,"parent":0,"menu_order":0,"comment_status":"closed","ping_status":"closed","template":"","meta":{"_et_pb_use_builder":"on","_et_pb_old_content":"","_et_gb_content_width":"","footnotes":""},"class_list":["post-385","page","type-page","status-publish","hentry"],"_links":{"self":[{"href":"https:\/\/jpfcine.cl\/es\/wp-json\/wp\/v2\/pages\/385","targetHints":{"allow":["GET"]}}],"collection":[{"href":"https:\/\/jpfcine.cl\/es\/wp-json\/wp\/v2\/pages"}],"about":[{"href":"https:\/\/jpfcine.cl\/es\/wp-json\/wp\/v2\/types\/page"}],"author":[{"embeddable":true,"href":"https:\/\/jpfcine.cl\/es\/wp-json\/wp\/v2\/users\/1"}],"replies":[{"embeddable":true,"href":"https:\/\/jpfcine.cl\/es\/wp-json\/wp\/v2\/comments?post=385"}],"version-history":[{"count":15,"href":"https:\/\/jpfcine.cl\/es\/wp-json\/wp\/v2\/pages\/385\/revisions"}],"predecessor-version":[{"id":2235,"href":"https:\/\/jpfcine.cl\/es\/wp-json\/wp\/v2\/pages\/385\/revisions\/2235"}],"wp:attachment":[{"href":"https:\/\/jpfcine.cl\/es\/wp-json\/wp\/v2\/media?parent=385"}],"curies":[{"name":"wp","href":"https:\/\/api.w.org\/{rel}","templated":true}]}}